{"id":262,"date":"2023-07-11T18:41:26","date_gmt":"2023-07-11T16:41:26","guid":{"rendered":"https:\/\/taxi921.ch\/vevey\/?page_id=262"},"modified":"2023-07-16T02:17:15","modified_gmt":"2023-07-16T00:17:15","slug":"service-de-coursier","status":"publish","type":"page","link":"https:\/\/taxi921.ch\/vevey\/service-de-coursier\/","title":{"rendered":"Service de coursier"},"content":{"rendered":"\t\t<div data-elementor-type=\"wp-page\" data-elementor-id=\"262\" class=\"elementor elementor-262\" data-elementor-post-type=\"page\">\n\t\t\t\t\t\t<section class=\"elementor-section elementor-top-section elementor-element elementor-element-c35504c elementor-section-boxed elementor-section-height-default elementor-section-height-default\" data-id=\"c35504c\" data-element_type=\"section\" data-settings=\"{&quot;background_background&quot;:&quot;classic&quot;}\">\n\t\t\t\t\t\t\t<div class=\"elementor-background-overlay\"><\/div>\n\t\t\t\t\t\t\t<div class=\"elementor-container elementor-column-gap-default\">\n\t\t\t\t\t<div class=\"elementor-column elementor-col-100 elementor-top-column elementor-element elementor-element-69e7c7e\" data-id=\"69e7c7e\" data-element_type=\"column\">\n\t\t\t<div class=\"elementor-widget-wrap elementor-element-populated\">\n\t\t\t\t\t\t<div class=\"elementor-element elementor-element-72ce071 elementor-widget elementor-widget-jkit_heading\" data-id=\"72ce071\" data-element_type=\"widget\" data-widget_type=\"jkit_heading.default\">\n\t\t\t\t<div class=\"elementor-widget-container\">\n\t\t\t<div  class=\"jeg-elementor-kit jkit-heading  align-center align-tablet- align-mobile- jeg_module___69e4e4debf12e\" ><div class=\"heading-section-title  display-inline-block\"><h2 class=\"heading-title\">Service de coursier<span class=\"style-color\"><span>.<\/span><\/span><\/h2><\/div><\/div>\t\t<\/div>\n\t\t\t\t<\/div>\n\t\t\t\t\t<\/div>\n\t\t<\/div>\n\t\t\t\t\t<\/div>\n\t\t<\/section>\n\t\t\t\t<section class=\"elementor-section elementor-top-section elementor-element elementor-element-dd1a8cc elementor-section-boxed elementor-section-height-default elementor-section-height-default\" data-id=\"dd1a8cc\" data-element_type=\"section\">\n\t\t\t\t\t\t<div class=\"elementor-container elementor-column-gap-default\">\n\t\t\t\t\t<div class=\"elementor-column elementor-col-100 elementor-top-column elementor-element elementor-element-a3b94c1\" data-id=\"a3b94c1\" data-element_type=\"column\">\n\t\t\t<div class=\"elementor-widget-wrap elementor-element-populated\">\n\t\t\t\t\t\t<div class=\"elementor-element elementor-element-da4c96f elementor-widget elementor-widget-heading\" data-id=\"da4c96f\" data-element_type=\"widget\" data-widget_type=\"heading.default\">\n\t\t\t\t<div class=\"elementor-widget-container\">\n\t\t\t<style>\/*! elementor - v3.22.0 - 26-06-2024 *\/\n.elementor-heading-title{padding:0;margin:0;line-height:1}.elementor-widget-heading .elementor-heading-title[class*=elementor-size-]>a{color:inherit;font-size:inherit;line-height:inherit}.elementor-widget-heading .elementor-heading-title.elementor-size-small{font-size:15px}.elementor-widget-heading .elementor-heading-title.elementor-size-medium{font-size:19px}.elementor-widget-heading .elementor-heading-title.elementor-size-large{font-size:29px}.elementor-widget-heading .elementor-heading-title.elementor-size-xl{font-size:39px}.elementor-widget-heading .elementor-heading-title.elementor-size-xxl{font-size:59px}<\/style><h2 class=\"elementor-heading-title elementor-size-default\">Service de livraison \u00e0 domicile pour la r\u00e9gion de Vevey<\/h2>\t\t<\/div>\n\t\t\t\t<\/div>\n\t\t\t\t<div class=\"elementor-element elementor-element-1ab5fca elementor-widget elementor-widget-text-editor\" data-id=\"1ab5fca\" data-element_type=\"widget\" data-widget_type=\"text-editor.default\">\n\t\t\t\t<div class=\"elementor-widget-container\">\n\t\t\t<style>\/*! elementor - v3.22.0 - 26-06-2024 *\/\n.elementor-widget-text-editor.elementor-drop-cap-view-stacked .elementor-drop-cap{background-color:#69727d;color:#fff}.elementor-widget-text-editor.elementor-drop-cap-view-framed .elementor-drop-cap{color:#69727d;border:3px solid;background-color:transparent}.elementor-widget-text-editor:not(.elementor-drop-cap-view-default) .elementor-drop-cap{margin-top:8px}.elementor-widget-text-editor:not(.elementor-drop-cap-view-default) .elementor-drop-cap-letter{width:1em;height:1em}.elementor-widget-text-editor .elementor-drop-cap{float:left;text-align:center;line-height:1;font-size:50px}.elementor-widget-text-editor .elementor-drop-cap-letter{display:inline-block}<\/style>\t\t\t\t<div class=\"mYVXT\"><div class=\"LS81yb VICjCf j5pSsc db35Fc\" tabindex=\"-1\"><div class=\"hJDwNd-AhqUyc-uQSCkd Ft7HRd-AhqUyc-uQSCkd purZT-AhqUyc-II5mzb ZcASvf-AhqUyc-II5mzb pSzOP-AhqUyc-qWD73c Ktthjf-AhqUyc-qWD73c JNdkSc SQVYQc\"><div class=\"JNdkSc-SmKAyb LkDMRd\"><div class=\"\"><div class=\"oKdM2c ZZyype Kzv0Me\"><div id=\"h.65721c447a026b5d_19\" class=\"hJDwNd-AhqUyc-uQSCkd Ft7HRd-AhqUyc-uQSCkd jXK9ad D2fZ2 zu5uec OjCsFc dmUFtb wHaque g5GTcb\"><div class=\"jXK9ad-SmKAyb\"><div class=\"tyJCtd mGzaTb Depvyb baZpAe\"><p class=\"zfr3Q CDt4Ke \" dir=\"ltr\"><span class=\"C9DxTc \">Chez Taxi 921, nous proposons un service de livraison \u00e0 domicile pour les clients de la r\u00e9gion de Vevey. Nous comprenons l&rsquo;importance de la rapidit\u00e9 et de la fiabilit\u00e9 pour les livraisons, c&rsquo;est pourquoi nous nous engageons \u00e0 livrer vos colis \u00e0 temps et en toute s\u00e9curit\u00e9.<\/span><\/p><p class=\"zfr3Q CDt4Ke \" dir=\"ltr\"><span class=\"C9DxTc \">Notre service de livraison \u00e0 domicile comprend la prise en charge de vos colis \u00e0 l&rsquo;adresse de votre choix et la livraison directe \u00e0 la destination souhait\u00e9e. Nous disposons d&rsquo;une flotte de v\u00e9hicules adapt\u00e9s pour la livraison de tous types de colis, des petits paquets aux objets volumineux.<\/span><\/p><p class=\"zfr3Q CDt4Ke \" dir=\"ltr\"><span class=\"C9DxTc \">Nous surveillons \u00e9galement les horaires de livraison pour nous assurer que vos colis seront livr\u00e9s \u00e0 temps, nous nous adaptons \u00e0 vos besoins pour assurer une livraison efficace.<\/span><\/p><p class=\"zfr3Q CDt4Ke \" dir=\"ltr\"><span class=\"C9DxTc \">Notre service de livraison \u00e0 domicile est disponible 7 jours sur 7 pour r\u00e9pondre \u00e0 tous vos besoins de livraison. N&rsquo;h\u00e9sitez pas \u00e0 nous contacter pour plus d&rsquo;informations sur nos tarifs et pour organiser une livraison. Faites confiance \u00e0 Taxi 921 pour la livraison de vos colis dans la r\u00e9gion de Vevey.<\/span><\/p><\/div><\/div><\/div><\/div><\/div><\/div><\/div><\/div><\/div>\t\t\t\t\t\t<\/div>\n\t\t\t\t<\/div>\n\t\t\t\t\t<\/div>\n\t\t<\/div>\n\t\t\t\t\t<\/div>\n\t\t<\/section>\n\t\t\t\t<\/div>\n\t\t","protected":false},"excerpt":{"rendered":"<p>Service de coursier. Service de livraison \u00e0 domicile pour la r\u00e9gion de Vevey Chez Taxi 921, nous proposons un service de livraison \u00e0 domicile pour les clients de la r\u00e9gion de Vevey. Nous comprenons l&rsquo;importance de la rapidit\u00e9 et de la fiabilit\u00e9 pour les livraisons, c&rsquo;est pourquoi nous nous engageons \u00e0 livrer vos colis \u00e0 [&hellip;]<\/p>\n","protected":false},"author":1,"featured_media":0,"parent":0,"menu_order":0,"comment_status":"closed","ping_status":"closed","template":"","meta":{"footnotes":""},"_links":{"self":[{"href":"https:\/\/taxi921.ch\/vevey\/wp-json\/wp\/v2\/pages\/262"}],"collection":[{"href":"https:\/\/taxi921.ch\/vevey\/wp-json\/wp\/v2\/pages"}],"about":[{"href":"https:\/\/taxi921.ch\/vevey\/wp-json\/wp\/v2\/types\/page"}],"author":[{"embeddable":true,"href":"https:\/\/taxi921.ch\/vevey\/wp-json\/wp\/v2\/users\/1"}],"replies":[{"embeddable":true,"href":"https:\/\/taxi921.ch\/vevey\/wp-json\/wp\/v2\/comments?post=262"}],"version-history":[{"count":13,"href":"https:\/\/taxi921.ch\/vevey\/wp-json\/wp\/v2\/pages\/262\/revisions"}],"predecessor-version":[{"id":412,"href":"https:\/\/taxi921.ch\/vevey\/wp-json\/wp\/v2\/pages\/262\/revisions\/412"}],"wp:attachment":[{"href":"https:\/\/taxi921.ch\/vevey\/wp-json\/wp\/v2\/media?parent=262"}],"curies":[{"name":"wp","href":"https:\/\/api.w.org\/{rel}","templated":true}]}}