{"id":265,"date":"2023-07-11T18:41:57","date_gmt":"2023-07-11T16:41:57","guid":{"rendered":"https:\/\/taxi921.ch\/vevey\/?page_id=265"},"modified":"2023-07-16T02:14:05","modified_gmt":"2023-07-16T00:14:05","slug":"animaux","status":"publish","type":"page","link":"https:\/\/taxi921.ch\/vevey\/animaux\/","title":{"rendered":"Animaux"},"content":{"rendered":"\t\t<div data-elementor-type=\"wp-page\" data-elementor-id=\"265\" class=\"elementor elementor-265\" data-elementor-post-type=\"page\">\n\t\t\t\t\t\t<section class=\"elementor-section elementor-top-section elementor-element elementor-element-c35504c elementor-section-boxed elementor-section-height-default elementor-section-height-default\" data-id=\"c35504c\" data-element_type=\"section\" data-settings=\"{&quot;background_background&quot;:&quot;classic&quot;}\">\n\t\t\t\t\t\t\t<div class=\"elementor-background-overlay\"><\/div>\n\t\t\t\t\t\t\t<div class=\"elementor-container elementor-column-gap-default\">\n\t\t\t\t\t<div class=\"elementor-column elementor-col-100 elementor-top-column elementor-element elementor-element-69e7c7e\" data-id=\"69e7c7e\" data-element_type=\"column\">\n\t\t\t<div class=\"elementor-widget-wrap elementor-element-populated\">\n\t\t\t\t\t\t<div class=\"elementor-element elementor-element-72ce071 elementor-widget elementor-widget-jkit_heading\" data-id=\"72ce071\" data-element_type=\"widget\" data-widget_type=\"jkit_heading.default\">\n\t\t\t\t<div class=\"elementor-widget-container\">\n\t\t\t<div  class=\"jeg-elementor-kit jkit-heading  align-center align-tablet- align-mobile- jeg_module___69e4e25e342b1\" ><div class=\"heading-section-title  display-inline-block\"><h2 class=\"heading-title\">Animaux<span class=\"style-color\"><span>.<\/span><\/span><\/h2><\/div><\/div>\t\t<\/div>\n\t\t\t\t<\/div>\n\t\t\t\t\t<\/div>\n\t\t<\/div>\n\t\t\t\t\t<\/div>\n\t\t<\/section>\n\t\t\t\t<section class=\"elementor-section elementor-top-section elementor-element elementor-element-dd1a8cc elementor-reverse-mobile elementor-section-boxed elementor-section-height-default elementor-section-height-default\" data-id=\"dd1a8cc\" data-element_type=\"section\">\n\t\t\t\t\t\t<div class=\"elementor-container elementor-column-gap-default\">\n\t\t\t\t\t<div class=\"elementor-column elementor-col-100 elementor-top-column elementor-element elementor-element-a3b94c1\" data-id=\"a3b94c1\" data-element_type=\"column\">\n\t\t\t<div class=\"elementor-widget-wrap elementor-element-populated\">\n\t\t\t\t\t\t<div class=\"elementor-element elementor-element-da4c96f elementor-widget elementor-widget-heading\" data-id=\"da4c96f\" data-element_type=\"widget\" data-widget_type=\"heading.default\">\n\t\t\t\t<div class=\"elementor-widget-container\">\n\t\t\t<style>\/*! elementor - v3.22.0 - 26-06-2024 *\/\n.elementor-heading-title{padding:0;margin:0;line-height:1}.elementor-widget-heading .elementor-heading-title[class*=elementor-size-]>a{color:inherit;font-size:inherit;line-height:inherit}.elementor-widget-heading .elementor-heading-title.elementor-size-small{font-size:15px}.elementor-widget-heading .elementor-heading-title.elementor-size-medium{font-size:19px}.elementor-widget-heading .elementor-heading-title.elementor-size-large{font-size:29px}.elementor-widget-heading .elementor-heading-title.elementor-size-xl{font-size:39px}.elementor-widget-heading .elementor-heading-title.elementor-size-xxl{font-size:59px}<\/style><h2 class=\"elementor-heading-title elementor-size-default\">Animaux de compagnies<\/h2>\t\t<\/div>\n\t\t\t\t<\/div>\n\t\t\t\t<div class=\"elementor-element elementor-element-1ab5fca elementor-widget elementor-widget-text-editor\" data-id=\"1ab5fca\" data-element_type=\"widget\" data-widget_type=\"text-editor.default\">\n\t\t\t\t<div class=\"elementor-widget-container\">\n\t\t\t<style>\/*! elementor - v3.22.0 - 26-06-2024 *\/\n.elementor-widget-text-editor.elementor-drop-cap-view-stacked .elementor-drop-cap{background-color:#69727d;color:#fff}.elementor-widget-text-editor.elementor-drop-cap-view-framed .elementor-drop-cap{color:#69727d;border:3px solid;background-color:transparent}.elementor-widget-text-editor:not(.elementor-drop-cap-view-default) .elementor-drop-cap{margin-top:8px}.elementor-widget-text-editor:not(.elementor-drop-cap-view-default) .elementor-drop-cap-letter{width:1em;height:1em}.elementor-widget-text-editor .elementor-drop-cap{float:left;text-align:center;line-height:1;font-size:50px}.elementor-widget-text-editor .elementor-drop-cap-letter{display:inline-block}<\/style>\t\t\t\t<div class=\"mYVXT\"><div class=\"LS81yb VICjCf j5pSsc db35Fc\" tabindex=\"-1\"><div class=\"hJDwNd-AhqUyc-uQSCkd Ft7HRd-AhqUyc-uQSCkd purZT-AhqUyc-II5mzb ZcASvf-AhqUyc-II5mzb pSzOP-AhqUyc-qWD73c Ktthjf-AhqUyc-qWD73c JNdkSc SQVYQc\"><div class=\"JNdkSc-SmKAyb LkDMRd\"><div class=\"\"><div class=\"oKdM2c ZZyype Kzv0Me\"><div id=\"h.65721c447a026b5d_19\" class=\"hJDwNd-AhqUyc-uQSCkd Ft7HRd-AhqUyc-uQSCkd jXK9ad D2fZ2 zu5uec OjCsFc dmUFtb wHaque g5GTcb\"><div class=\"jXK9ad-SmKAyb\"><div class=\"tyJCtd mGzaTb Depvyb baZpAe\"><p class=\"zfr3Q CDt4Ke \" dir=\"ltr\"><span class=\"C9DxTc \">Chez Taxi 921, nous sommes heureux de proposer un service de transport d&rsquo;animaux pour les besoins de nos clients. Nous comprenons que les animaux de compagnie sont consid\u00e9r\u00e9s comme des membres de la famille et que leur bien-\u00eatre est important.<\/span><\/p><p class=\"zfr3Q CDt4Ke \" dir=\"ltr\"><span class=\"C9DxTc \">Notre service de transport d&rsquo;animaux est con\u00e7u pour aider les propri\u00e9taires d&rsquo;animaux \u00e0 se rendre chez le v\u00e9t\u00e9rinaire, aux rendez-vous de sant\u00e9 ou \u00e0 d&rsquo;autres appointments importants. Nous prenons les pr\u00e9cautions n\u00e9cessaires pour assurer le confort et la s\u00e9curit\u00e9 de votre animal pendant le transport.<\/span><\/p><p class=\"zfr3Q CDt4Ke \" dir=\"ltr\"><span class=\"C9DxTc \">Nous sommes \u00e9galement en mesure de transporter des animaux de compagnie pour des raisons de vacances ou pour des d\u00e9placements professionnels. Nous vous assurons que votre animal sera en s\u00e9curit\u00e9 et en bonne sant\u00e9 pendant le trajet.<\/span><\/p><p class=\"zfr3Q CDt4Ke \" dir=\"ltr\"><span class=\"C9DxTc \">N&rsquo;h\u00e9sitez pas \u00e0 nous contacter pour discuter de vos besoins de transport pour animaux et pour r\u00e9server votre prochain trajet. Nous sommes l\u00e0 pour vous aider \u00e0 prendre soin de votre animal de compagnie.<\/span><\/p><\/div><\/div><\/div><\/div><\/div><\/div><\/div><\/div><\/div>\t\t\t\t\t\t<\/div>\n\t\t\t\t<\/div>\n\t\t\t\t\t<\/div>\n\t\t<\/div>\n\t\t\t\t\t<\/div>\n\t\t<\/section>\n\t\t\t\t<\/div>\n\t\t","protected":false},"excerpt":{"rendered":"<p>Animaux. Animaux de compagnies Chez Taxi 921, nous sommes heureux de proposer un service de transport d&rsquo;animaux pour les besoins de nos clients. Nous comprenons que les animaux de compagnie sont consid\u00e9r\u00e9s comme des membres de la famille et que leur bien-\u00eatre est important. Notre service de transport d&rsquo;animaux est con\u00e7u pour aider les propri\u00e9taires [&hellip;]<\/p>\n","protected":false},"author":1,"featured_media":0,"parent":0,"menu_order":0,"comment_status":"closed","ping_status":"closed","template":"","meta":{"footnotes":""},"_links":{"self":[{"href":"https:\/\/taxi921.ch\/vevey\/wp-json\/wp\/v2\/pages\/265"}],"collection":[{"href":"https:\/\/taxi921.ch\/vevey\/wp-json\/wp\/v2\/pages"}],"about":[{"href":"https:\/\/taxi921.ch\/vevey\/wp-json\/wp\/v2\/types\/page"}],"author":[{"embeddable":true,"href":"https:\/\/taxi921.ch\/vevey\/wp-json\/wp\/v2\/users\/1"}],"replies":[{"embeddable":true,"href":"https:\/\/taxi921.ch\/vevey\/wp-json\/wp\/v2\/comments?post=265"}],"version-history":[{"count":10,"href":"https:\/\/taxi921.ch\/vevey\/wp-json\/wp\/v2\/pages\/265\/revisions"}],"predecessor-version":[{"id":397,"href":"https:\/\/taxi921.ch\/vevey\/wp-json\/wp\/v2\/pages\/265\/revisions\/397"}],"wp:attachment":[{"href":"https:\/\/taxi921.ch\/vevey\/wp-json\/wp\/v2\/media?parent=265"}],"curies":[{"name":"wp","href":"https:\/\/api.w.org\/{rel}","templated":true}]}}