{"id":267,"date":"2023-07-11T18:42:02","date_gmt":"2023-07-11T16:42:02","guid":{"rendered":"https:\/\/taxi921.ch\/vevey\/?page_id=267"},"modified":"2023-07-16T02:20:53","modified_gmt":"2023-07-16T00:20:53","slug":"transports-medicaux","status":"publish","type":"page","link":"https:\/\/taxi921.ch\/vevey\/transports-medicaux\/","title":{"rendered":"Transports M\u00e9dicaux"},"content":{"rendered":"\t\t<div data-elementor-type=\"wp-page\" data-elementor-id=\"267\" class=\"elementor elementor-267\" data-elementor-post-type=\"page\">\n\t\t\t\t\t\t<section class=\"elementor-section elementor-top-section elementor-element elementor-element-c35504c elementor-section-boxed elementor-section-height-default elementor-section-height-default\" data-id=\"c35504c\" data-element_type=\"section\" data-settings=\"{&quot;background_background&quot;:&quot;classic&quot;}\">\n\t\t\t\t\t\t\t<div class=\"elementor-background-overlay\"><\/div>\n\t\t\t\t\t\t\t<div class=\"elementor-container elementor-column-gap-default\">\n\t\t\t\t\t<div class=\"elementor-column elementor-col-100 elementor-top-column elementor-element elementor-element-69e7c7e\" data-id=\"69e7c7e\" data-element_type=\"column\">\n\t\t\t<div class=\"elementor-widget-wrap elementor-element-populated\">\n\t\t\t\t\t\t<div class=\"elementor-element elementor-element-72ce071 elementor-widget elementor-widget-jkit_heading\" data-id=\"72ce071\" data-element_type=\"widget\" data-widget_type=\"jkit_heading.default\">\n\t\t\t\t<div class=\"elementor-widget-container\">\n\t\t\t<div  class=\"jeg-elementor-kit jkit-heading  align-center align-tablet- align-mobile- jeg_module___69e4e49d3b1e2\" ><div class=\"heading-section-title  display-inline-block\"><h2 class=\"heading-title\">Transports M\u00e9dicaux<span class=\"style-color\"><span>.<\/span><\/span><\/h2><\/div><\/div>\t\t<\/div>\n\t\t\t\t<\/div>\n\t\t\t\t\t<\/div>\n\t\t<\/div>\n\t\t\t\t\t<\/div>\n\t\t<\/section>\n\t\t\t\t<section class=\"elementor-section elementor-top-section elementor-element elementor-element-dd1a8cc elementor-section-boxed elementor-section-height-default elementor-section-height-default\" data-id=\"dd1a8cc\" data-element_type=\"section\">\n\t\t\t\t\t\t<div class=\"elementor-container elementor-column-gap-default\">\n\t\t\t\t\t<div class=\"elementor-column elementor-col-100 elementor-top-column elementor-element elementor-element-a3b94c1\" data-id=\"a3b94c1\" data-element_type=\"column\">\n\t\t\t<div class=\"elementor-widget-wrap elementor-element-populated\">\n\t\t\t\t\t\t<div class=\"elementor-element elementor-element-1ab5fca elementor-widget elementor-widget-text-editor\" data-id=\"1ab5fca\" data-element_type=\"widget\" data-widget_type=\"text-editor.default\">\n\t\t\t\t<div class=\"elementor-widget-container\">\n\t\t\t<style>\/*! elementor - v3.22.0 - 26-06-2024 *\/\n.elementor-widget-text-editor.elementor-drop-cap-view-stacked .elementor-drop-cap{background-color:#69727d;color:#fff}.elementor-widget-text-editor.elementor-drop-cap-view-framed .elementor-drop-cap{color:#69727d;border:3px solid;background-color:transparent}.elementor-widget-text-editor:not(.elementor-drop-cap-view-default) .elementor-drop-cap{margin-top:8px}.elementor-widget-text-editor:not(.elementor-drop-cap-view-default) .elementor-drop-cap-letter{width:1em;height:1em}.elementor-widget-text-editor .elementor-drop-cap{float:left;text-align:center;line-height:1;font-size:50px}.elementor-widget-text-editor .elementor-drop-cap-letter{display:inline-block}<\/style>\t\t\t\t<div class=\"mYVXT\"><div class=\"LS81yb VICjCf j5pSsc db35Fc\" tabindex=\"-1\"><div class=\"hJDwNd-AhqUyc-uQSCkd Ft7HRd-AhqUyc-uQSCkd purZT-AhqUyc-II5mzb ZcASvf-AhqUyc-II5mzb pSzOP-AhqUyc-qWD73c Ktthjf-AhqUyc-qWD73c JNdkSc SQVYQc\"><div class=\"JNdkSc-SmKAyb LkDMRd\"><div class=\"\"><div class=\"oKdM2c ZZyype Kzv0Me\"><div id=\"h.65721c447a026b5d_19\" class=\"hJDwNd-AhqUyc-uQSCkd Ft7HRd-AhqUyc-uQSCkd jXK9ad D2fZ2 zu5uec OjCsFc dmUFtb wHaque g5GTcb\"><div class=\"jXK9ad-SmKAyb\"><div class=\"tyJCtd mGzaTb Depvyb baZpAe\"><div class=\"mYVXT\"><div class=\"LS81yb VICjCf j5pSsc db35Fc\" tabindex=\"-1\"><div class=\"hJDwNd-AhqUyc-uQSCkd Ft7HRd-AhqUyc-uQSCkd purZT-AhqUyc-II5mzb ZcASvf-AhqUyc-II5mzb pSzOP-AhqUyc-qWD73c Ktthjf-AhqUyc-qWD73c JNdkSc SQVYQc\"><div class=\"JNdkSc-SmKAyb LkDMRd\"><div class=\"\"><div class=\"oKdM2c ZZyype Kzv0Me\"><div id=\"h.f8c9eed3f6f3df5_5\" class=\"hJDwNd-AhqUyc-uQSCkd Ft7HRd-AhqUyc-uQSCkd jXK9ad D2fZ2 zu5uec OjCsFc dmUFtb wHaque g5GTcb\"><div class=\"jXK9ad-SmKAyb\"><div class=\"tyJCtd mGzaTb Depvyb baZpAe\"><p class=\"zfr3Q CDt4Ke \" dir=\"ltr\"><span class=\"C9DxTc \">Chez Taxi 921, nous sommes fiers de proposer un service de transport m\u00e9dical en partenariat avec Ben Cab \u00e0 Vevey. Nous offrons des solutions de transport adapt\u00e9es pour les patients qui ont besoin de se rendre \u00e0 des rendez-vous m\u00e9dicaux, des examens ou des traitements. Nous comprenons que les d\u00e9placements m\u00e9dicaux peuvent \u00eatre stressants et nous avons mis en place des proc\u00e9dures pour rendre ces d\u00e9placements aussi simples et confortables que possible.<\/span><\/p><p class=\"zfr3Q CDt4Ke \" dir=\"ltr\"><span class=\"C9DxTc \">Notre personnel est exp\u00e9riment\u00e9 et form\u00e9 pour g\u00e9rer les besoins sp\u00e9cifiques des patients en transport m\u00e9dical. Nous disposons \u00e9galement de v\u00e9hicules \u00e9quip\u00e9s pour le transport des patients en fauteuil roulant. En partenariat avec Ben Cab, nous pouvons offrir des solutions de transport adapt\u00e9es pour les personnes \u00e0 mobilit\u00e9 r\u00e9duite.<\/span><\/p><p class=\"zfr3Q CDt4Ke \" dir=\"ltr\"><span class=\"C9DxTc \">N&rsquo;h\u00e9sitez pas \u00e0 nous contacter pour discuter de vos besoins de transport m\u00e9dical et pour r\u00e9server votre prochain trajet avec Ben Cab. Nous nous engageons \u00e0 vous offrir un service de qualit\u00e9 pour vous emmener \u00e0 destination en toute s\u00e9curit\u00e9 et \u00e0 l&rsquo;heure.<\/span><\/p><\/div><\/div><\/div><\/div><\/div><\/div><\/div><\/div><\/div><\/div><\/div><\/div><\/div><\/div><\/div><\/div><\/div><\/div>\t\t\t\t\t\t<\/div>\n\t\t\t\t<\/div>\n\t\t\t\t\t<\/div>\n\t\t<\/div>\n\t\t\t\t\t<\/div>\n\t\t<\/section>\n\t\t\t\t<\/div>\n\t\t","protected":false},"excerpt":{"rendered":"<p>Transports M\u00e9dicaux. Chez Taxi 921, nous sommes fiers de proposer un service de transport m\u00e9dical en partenariat avec Ben Cab \u00e0 Vevey. Nous offrons des solutions de transport adapt\u00e9es pour les patients qui ont besoin de se rendre \u00e0 des rendez-vous m\u00e9dicaux, des examens ou des traitements. Nous comprenons que les d\u00e9placements m\u00e9dicaux peuvent \u00eatre [&hellip;]<\/p>\n","protected":false},"author":1,"featured_media":0,"parent":0,"menu_order":0,"comment_status":"closed","ping_status":"closed","template":"","meta":{"footnotes":""},"_links":{"self":[{"href":"https:\/\/taxi921.ch\/vevey\/wp-json\/wp\/v2\/pages\/267"}],"collection":[{"href":"https:\/\/taxi921.ch\/vevey\/wp-json\/wp\/v2\/pages"}],"about":[{"href":"https:\/\/taxi921.ch\/vevey\/wp-json\/wp\/v2\/types\/page"}],"author":[{"embeddable":true,"href":"https:\/\/taxi921.ch\/vevey\/wp-json\/wp\/v2\/users\/1"}],"replies":[{"embeddable":true,"href":"https:\/\/taxi921.ch\/vevey\/wp-json\/wp\/v2\/comments?post=267"}],"version-history":[{"count":10,"href":"https:\/\/taxi921.ch\/vevey\/wp-json\/wp\/v2\/pages\/267\/revisions"}],"predecessor-version":[{"id":430,"href":"https:\/\/taxi921.ch\/vevey\/wp-json\/wp\/v2\/pages\/267\/revisions\/430"}],"wp:attachment":[{"href":"https:\/\/taxi921.ch\/vevey\/wp-json\/wp\/v2\/media?parent=267"}],"curies":[{"name":"wp","href":"https:\/\/api.w.org\/{rel}","templated":true}]}}