{"id":268,"date":"2023-07-11T18:42:04","date_gmt":"2023-07-11T16:42:04","guid":{"rendered":"https:\/\/taxi921.ch\/vevey\/?page_id=268"},"modified":"2023-07-16T02:20:28","modified_gmt":"2023-07-16T00:20:28","slug":"transports-ecoliers","status":"publish","type":"page","link":"https:\/\/taxi921.ch\/vevey\/transports-ecoliers\/","title":{"rendered":"Transports \u00e9coliers"},"content":{"rendered":"\t\t<div data-elementor-type=\"wp-page\" data-elementor-id=\"268\" class=\"elementor elementor-268\" data-elementor-post-type=\"page\">\n\t\t\t\t\t\t<section class=\"elementor-section elementor-top-section elementor-element elementor-element-c35504c elementor-section-boxed elementor-section-height-default elementor-section-height-default\" data-id=\"c35504c\" data-element_type=\"section\" data-settings=\"{&quot;background_background&quot;:&quot;classic&quot;}\">\n\t\t\t\t\t\t\t<div class=\"elementor-background-overlay\"><\/div>\n\t\t\t\t\t\t\t<div class=\"elementor-container elementor-column-gap-default\">\n\t\t\t\t\t<div class=\"elementor-column elementor-col-100 elementor-top-column elementor-element elementor-element-69e7c7e\" data-id=\"69e7c7e\" data-element_type=\"column\">\n\t\t\t<div class=\"elementor-widget-wrap elementor-element-populated\">\n\t\t\t\t\t\t<div class=\"elementor-element elementor-element-72ce071 elementor-widget elementor-widget-jkit_heading\" data-id=\"72ce071\" data-element_type=\"widget\" data-widget_type=\"jkit_heading.default\">\n\t\t\t\t<div class=\"elementor-widget-container\">\n\t\t\t<div  class=\"jeg-elementor-kit jkit-heading  align-center align-tablet- align-mobile- jeg_module___69f3f2329ad51\" ><div class=\"heading-section-title  display-inline-block\"><h2 class=\"heading-title\">Transports \u00e9coliers<span class=\"style-color\"><span>.<\/span><\/span><\/h2><\/div><\/div>\t\t<\/div>\n\t\t\t\t<\/div>\n\t\t\t\t\t<\/div>\n\t\t<\/div>\n\t\t\t\t\t<\/div>\n\t\t<\/section>\n\t\t\t\t<section class=\"elementor-section elementor-top-section elementor-element elementor-element-dd1a8cc elementor-section-boxed elementor-section-height-default elementor-section-height-default\" data-id=\"dd1a8cc\" data-element_type=\"section\">\n\t\t\t\t\t\t<div class=\"elementor-container elementor-column-gap-default\">\n\t\t\t\t\t<div class=\"elementor-column elementor-col-100 elementor-top-column elementor-element elementor-element-a3b94c1\" data-id=\"a3b94c1\" data-element_type=\"column\">\n\t\t\t<div class=\"elementor-widget-wrap elementor-element-populated\">\n\t\t\t\t\t\t<div class=\"elementor-element elementor-element-da4c96f elementor-widget elementor-widget-heading\" data-id=\"da4c96f\" data-element_type=\"widget\" data-widget_type=\"heading.default\">\n\t\t\t\t<div class=\"elementor-widget-container\">\n\t\t\t<style>\/*! elementor - v3.22.0 - 26-06-2024 *\/\n.elementor-heading-title{padding:0;margin:0;line-height:1}.elementor-widget-heading .elementor-heading-title[class*=elementor-size-]>a{color:inherit;font-size:inherit;line-height:inherit}.elementor-widget-heading .elementor-heading-title.elementor-size-small{font-size:15px}.elementor-widget-heading .elementor-heading-title.elementor-size-medium{font-size:19px}.elementor-widget-heading .elementor-heading-title.elementor-size-large{font-size:29px}.elementor-widget-heading .elementor-heading-title.elementor-size-xl{font-size:39px}.elementor-widget-heading .elementor-heading-title.elementor-size-xxl{font-size:59px}<\/style><h2 class=\"elementor-heading-title elementor-size-default\">Transport scolaire s\u00fbr et fiable pour les enfants<\/h2>\t\t<\/div>\n\t\t\t\t<\/div>\n\t\t\t\t<div class=\"elementor-element elementor-element-1ab5fca elementor-widget elementor-widget-text-editor\" data-id=\"1ab5fca\" data-element_type=\"widget\" data-widget_type=\"text-editor.default\">\n\t\t\t\t<div class=\"elementor-widget-container\">\n\t\t\t<style>\/*! elementor - v3.22.0 - 26-06-2024 *\/\n.elementor-widget-text-editor.elementor-drop-cap-view-stacked .elementor-drop-cap{background-color:#69727d;color:#fff}.elementor-widget-text-editor.elementor-drop-cap-view-framed .elementor-drop-cap{color:#69727d;border:3px solid;background-color:transparent}.elementor-widget-text-editor:not(.elementor-drop-cap-view-default) .elementor-drop-cap{margin-top:8px}.elementor-widget-text-editor:not(.elementor-drop-cap-view-default) .elementor-drop-cap-letter{width:1em;height:1em}.elementor-widget-text-editor .elementor-drop-cap{float:left;text-align:center;line-height:1;font-size:50px}.elementor-widget-text-editor .elementor-drop-cap-letter{display:inline-block}<\/style>\t\t\t\t<div class=\"mYVXT\"><div class=\"LS81yb VICjCf j5pSsc db35Fc\" tabindex=\"-1\"><div class=\"hJDwNd-AhqUyc-uQSCkd Ft7HRd-AhqUyc-uQSCkd purZT-AhqUyc-II5mzb ZcASvf-AhqUyc-II5mzb pSzOP-AhqUyc-qWD73c Ktthjf-AhqUyc-qWD73c JNdkSc SQVYQc\"><div class=\"JNdkSc-SmKAyb LkDMRd\"><div class=\"\"><div class=\"oKdM2c ZZyype Kzv0Me\"><div id=\"h.65721c447a026b5d_19\" class=\"hJDwNd-AhqUyc-uQSCkd Ft7HRd-AhqUyc-uQSCkd jXK9ad D2fZ2 zu5uec OjCsFc dmUFtb wHaque g5GTcb\"><div class=\"jXK9ad-SmKAyb\"><div class=\"tyJCtd mGzaTb Depvyb baZpAe\"><div class=\"mYVXT\"><div class=\"LS81yb VICjCf j5pSsc db35Fc\" tabindex=\"-1\"><div class=\"hJDwNd-AhqUyc-uQSCkd Ft7HRd-AhqUyc-uQSCkd purZT-AhqUyc-II5mzb ZcASvf-AhqUyc-II5mzb pSzOP-AhqUyc-qWD73c Ktthjf-AhqUyc-qWD73c JNdkSc SQVYQc\"><div class=\"JNdkSc-SmKAyb LkDMRd\"><div class=\"\"><div class=\"oKdM2c ZZyype Kzv0Me\"><div id=\"h.2852c417705e0df6_27\" class=\"hJDwNd-AhqUyc-uQSCkd Ft7HRd-AhqUyc-uQSCkd jXK9ad D2fZ2 zu5uec OjCsFc dmUFtb wHaque g5GTcb\"><div class=\"jXK9ad-SmKAyb\"><div class=\"tyJCtd mGzaTb Depvyb baZpAe\"><p class=\"zfr3Q CDt4Ke \" dir=\"ltr\"><span class=\"C9DxTc \">Chez Taxi 921, nous proposons un service de transport scolaire s\u00fbr et fiable pour les enfants de la r\u00e9gion de Vevey. Nous comprenons l&rsquo;importance de la s\u00e9curit\u00e9 des enfants lors des d\u00e9placements scolaires, c&rsquo;est pourquoi nos conducteurs sont exp\u00e9riment\u00e9s et form\u00e9s pour offrir un service professionnel et respectueux.<\/span><\/p><p class=\"zfr3Q CDt4Ke \" dir=\"ltr\"><span class=\"C9DxTc \">Notre service de transport scolaire comprend la prise en charge des enfants \u00e0 leur domicile ou \u00e0 leur lieu de garde et le transport direct \u00e0 l&rsquo;\u00e9cole. Nous disposons d&rsquo;une flotte de v\u00e9hicules adapt\u00e9s pour les enfants et \u00e9quip\u00e9s des dispositifs de s\u00e9curit\u00e9 n\u00e9cessaires.<\/span><\/p><p class=\"zfr3Q CDt4Ke \" dir=\"ltr\"><span class=\"C9DxTc \">En plus, nous proposons un syst\u00e8me de suivi en temps r\u00e9el pour rassurer les parents. Ils peuvent suivre en temps r\u00e9el l&#8217;emplacement de leur enfant et v\u00e9rifier qu&rsquo;il est en s\u00e9curit\u00e9 durant le trajet.<\/span><\/p><p class=\"zfr3Q CDt4Ke \" dir=\"ltr\"><span class=\"C9DxTc \">Nous croyons que tous les enfants ont le droit \u00e0 un transport scolaire s\u00fbr et fiable. C&rsquo;est pourquoi nous nous engageons \u00e0 offrir un service abordable et accessible pour tous. N&rsquo;h\u00e9sitez pas \u00e0 nous contacter pour plus d&rsquo;informations sur nos tarifs et sur notre service de transport scolaire.<\/span><\/p><\/div><\/div><\/div><\/div><\/div><\/div><\/div><\/div><\/div><\/div><\/div><\/div><\/div><\/div><\/div><\/div><\/div><\/div>\t\t\t\t\t\t<\/div>\n\t\t\t\t<\/div>\n\t\t\t\t\t<\/div>\n\t\t<\/div>\n\t\t\t\t\t<\/div>\n\t\t<\/section>\n\t\t\t\t<\/div>\n\t\t","protected":false},"excerpt":{"rendered":"<p>Transports \u00e9coliers. Transport scolaire s\u00fbr et fiable pour les enfants Chez Taxi 921, nous proposons un service de transport scolaire s\u00fbr et fiable pour les enfants de la r\u00e9gion de Vevey. Nous comprenons l&rsquo;importance de la s\u00e9curit\u00e9 des enfants lors des d\u00e9placements scolaires, c&rsquo;est pourquoi nos conducteurs sont exp\u00e9riment\u00e9s et form\u00e9s pour offrir un service [&hellip;]<\/p>\n","protected":false},"author":1,"featured_media":0,"parent":0,"menu_order":0,"comment_status":"closed","ping_status":"closed","template":"","meta":{"footnotes":""},"_links":{"self":[{"href":"https:\/\/taxi921.ch\/vevey\/wp-json\/wp\/v2\/pages\/268"}],"collection":[{"href":"https:\/\/taxi921.ch\/vevey\/wp-json\/wp\/v2\/pages"}],"about":[{"href":"https:\/\/taxi921.ch\/vevey\/wp-json\/wp\/v2\/types\/page"}],"author":[{"embeddable":true,"href":"https:\/\/taxi921.ch\/vevey\/wp-json\/wp\/v2\/users\/1"}],"replies":[{"embeddable":true,"href":"https:\/\/taxi921.ch\/vevey\/wp-json\/wp\/v2\/comments?post=268"}],"version-history":[{"count":10,"href":"https:\/\/taxi921.ch\/vevey\/wp-json\/wp\/v2\/pages\/268\/revisions"}],"predecessor-version":[{"id":427,"href":"https:\/\/taxi921.ch\/vevey\/wp-json\/wp\/v2\/pages\/268\/revisions\/427"}],"wp:attachment":[{"href":"https:\/\/taxi921.ch\/vevey\/wp-json\/wp\/v2\/media?parent=268"}],"curies":[{"name":"wp","href":"https:\/\/api.w.org\/{rel}","templated":true}]}}